{"id":76,"date":"2025-05-13T13:14:52","date_gmt":"2025-05-13T16:14:52","guid":{"rendered":"https:\/\/palaciodosveiculosblog.com\/?page_id=76"},"modified":"2025-06-12T11:37:17","modified_gmt":"2025-06-12T14:37:17","slug":"sobre-nos","status":"publish","type":"page","link":"https:\/\/palaciodosveiculosblog.com\/?page_id=76","title":{"rendered":"Quem Somos"},"content":{"rendered":"\n<h3 class=\"wp-block-heading has-medium-font-size\">A&nbsp;Pal\u00e1cio Autom\u00f3veis&nbsp;\u00e9 refer\u00eancia em&nbsp;Campo Belo \u2013 MG&nbsp;quando o assunto \u00e9 compra e venda de ve\u00edculos com proced\u00eancia, transpar\u00eancia e bom atendimento. Com uma trajet\u00f3ria marcada pela seriedade e dedica\u00e7\u00e3o ao cliente, nos orgulhamos em oferecer&nbsp;ve\u00edculos revisados, documenta\u00e7\u00e3o em dia&nbsp;e negocia\u00e7\u00f5es claras e seguras.<br><\/h3>\n\n\n\n<h2 class=\"wp-block-heading\">Porque comprar conosco<\/h2>\n\n\n\n<h2 class=\"wp-block-heading has-medium-font-size\">Somos o canal oficial da loja&nbsp;Pal\u00e1cio Autom\u00f3veis. Criado para informar, orientar e aproximar ainda mais voc\u00ea, cliente ou entusiasta do mundo automotivo, nosso blog traz conte\u00fados atualizados. Tudo com uma&nbsp;linguagem f\u00e1cil, objetiva e 100% pensada para o p\u00fablico brasileiro que busca economia, seguran\u00e7a e informa\u00e7\u00e3o de verdade.&nbsp;<\/h2>\n\n\n\n<h2 class=\"wp-block-heading\">Nossos Servi\u00e7os:<\/h2>\n\n\n\n<ul class=\"wp-block-list\">\n<li>Assessoria completa de Venda.<\/li>\n\n\n\n<li>Assessoria completa de compra<\/li>\n\n\n\n<li>Assessoria parcial de venda<\/li>\n\n\n\n<li>Assessoria parcial de compra<\/li>\n<\/ul>\n\n\n\n<h2 class=\"wp-block-heading\">Fale conosco<\/h2>\n\n\n\n<p>Entre em contato e fa\u00e7a uma simula\u00e7\u00e3o gratuita:<\/p>\n\n\n\n<p>E-mail:&nbsp;atendimento@palaciodosveiculosblog.com<\/p>\n\n\n\n<p>Telefone:\u00a0<a href=\"tel:+5519992925037\">(35) 3832-2173<\/a><\/p>\n\n\n\n<p>Endere\u00e7o: Av Afonso Pena, 451\u00aa \u2013 Cep: 37270-000 \u2013 Centro<\/p>\n\n\n\n<p>Campo Belo-MG<\/p>\n\n\n\n<h2 class=\"wp-block-heading\">Informa\u00e7\u00f5es de Registro<\/h2>\n\n\n\n<p>CNPJ: 08.376.943\/0001-25<\/p>\n\n\n\n<p>Nome Empresarial: Daiana Cristina Franca<\/p>\n\n\n\n<p>Porte: Micro Empresa (ME)<\/p>\n\n\n\n<p>Data de Abertura: 09\/10\/2006<\/p>\n\n\n\n<p>Natureza Jur\u00eddica: Empres\u00e1rio (Individual)<\/p>\n\n\n\n<p>Atividade Econ\u00f4mica Principal: Comercio a varejo de autom\u00f3veis, caminhoneta e utilit\u00e1rios<\/p>\n\n\n\n<p>Logradouro: Av Afonso Pena, 451\u00aa<\/p>\n\n\n\n<p>Bairro: Centro<\/p>\n\n\n\n<p>Munic\u00edpio: Campo Belo-MG<\/p>\n\n\n\n<p>CEP: 37270-000<\/p>\n\n\n\n<p>Telefone: <a href=\"tel:+5519992925037\">(35)38322173<\/a><\/p>\n\n\n\n<p>E-mail: atendimento@palaciodosveiculosblog.com<\/p>\n\n\n\n<p>Situa\u00e7\u00e3o Cadastral: Ativa<\/p>\n\n\n\n<p>Data da Situa\u00e7\u00e3o Cadastral: 09\/10\/2006<\/p>\n\n\n\n<p>\u00a9 2025 Daiana Cristina Franca- Todos os direitos reservados.<\/p>\n","protected":false},"excerpt":{"rendered":"<p>A&nbsp;Pal\u00e1cio Autom\u00f3veis&nbsp;\u00e9 refer\u00eancia em&nbsp;Campo Belo \u2013 MG&nbsp;quando o assunto \u00e9 compra e venda de ve\u00edculos com proced\u00eancia,&#8230;<\/p>\n","protected":false},"author":1,"featured_media":0,"parent":0,"menu_order":0,"comment_status":"closed","ping_status":"closed","template":"","meta":{"footnotes":""},"class_list":["post-76","page","type-page","status-publish","hentry"],"_links":{"self":[{"href":"https:\/\/palaciodosveiculosblog.com\/index.php?rest_route=\/wp\/v2\/pages\/76","targetHints":{"allow":["GET"]}}],"collection":[{"href":"https:\/\/palaciodosveiculosblog.com\/index.php?rest_route=\/wp\/v2\/pages"}],"about":[{"href":"https:\/\/palaciodosveiculosblog.com\/index.php?rest_route=\/wp\/v2\/types\/page"}],"author":[{"embeddable":true,"href":"https:\/\/palaciodosveiculosblog.com\/index.php?rest_route=\/wp\/v2\/users\/1"}],"replies":[{"embeddable":true,"href":"https:\/\/palaciodosveiculosblog.com\/index.php?rest_route=%2Fwp%2Fv2%2Fcomments&post=76"}],"version-history":[{"count":7,"href":"https:\/\/palaciodosveiculosblog.com\/index.php?rest_route=\/wp\/v2\/pages\/76\/revisions"}],"predecessor-version":[{"id":104,"href":"https:\/\/palaciodosveiculosblog.com\/index.php?rest_route=\/wp\/v2\/pages\/76\/revisions\/104"}],"wp:attachment":[{"href":"https:\/\/palaciodosveiculosblog.com\/index.php?rest_route=%2Fwp%2Fv2%2Fmedia&parent=76"}],"curies":[{"name":"wp","href":"https:\/\/api.w.org\/{rel}","templated":true}]}}